{"id":76,"date":"2017-05-29T13:13:56","date_gmt":"2017-05-29T11:13:56","guid":{"rendered":"http:\/\/neu.danyasegal.com\/?page_id=76\/"},"modified":"2018-02-04T20:50:34","modified_gmt":"2018-02-04T19:50:34","slug":"audio","status":"publish","type":"page","link":"https:\/\/www.danyasegal.com\/en\/vita-2\/audio\/","title":{"rendered":"Audio"},"content":{"rendered":"<h2><\/h2>\n<h2>\u00a0Danya Segal Recordings<\/h2>\n<p>&nbsp;<\/p>\n<p id=\"c2\">Robert Valentine Blockfl\u00f6tenkonzert B Dur 3. Satz Lago<\/p>\n<div>\n<!--[if lt IE 9]><script>document.createElement('audio');<\/script><![endif]-->\n<audio class=\"wp-audio-shortcode\" id=\"audio-76-1\" preload=\"none\" style=\"width: 100%;\" controls=\"controls\"><source type=\"audio\/mpeg\" src=\"http:\/\/www.danyasegal.com\/myfiles\/2017\/05\/Valentine.mp3?_=1\" \/><a href=\"http:\/\/www.danyasegal.com\/myfiles\/2017\/05\/Valentine.mp3\">http:\/\/www.danyasegal.com\/myfiles\/2017\/05\/Valentine.mp3<\/a><\/audio>\n<\/div>\n<h4><\/h4>\n<p>Jacques Christophe Naudot, Blockfl\u00f6tenkonzert G-Dur, 3. Satz Allegro<\/p>\n<div>\n<audio class=\"wp-audio-shortcode\" id=\"audio-76-2\" preload=\"none\" style=\"width: 100%;\" controls=\"controls\"><source type=\"audio\/mpeg\" src=\"http:\/\/www.danyasegal.com\/myfiles\/2017\/05\/naudot.mp3?_=2\" \/><a href=\"http:\/\/www.danyasegal.com\/myfiles\/2017\/05\/naudot.mp3\">http:\/\/www.danyasegal.com\/myfiles\/2017\/05\/naudot.mp3<\/a><\/audio>\n<\/div>\n<div><\/div>\n<p>William Babell, Blockfl\u00f6tenkonzert D-Dur, 1. Satz Allegro<\/p>\n<div>\n<audio class=\"wp-audio-shortcode\" id=\"audio-76-3\" preload=\"none\" style=\"width: 100%;\" controls=\"controls\"><source type=\"audio\/mpeg\" src=\"http:\/\/www.danyasegal.com\/myfiles\/2017\/05\/01-william-babell-cnocerto-for-recorder-2-violins-and-b-c-op-3-1-d-major-allegro.mp3?_=3\" \/><a href=\"http:\/\/www.danyasegal.com\/myfiles\/2017\/05\/01-william-babell-cnocerto-for-recorder-2-violins-and-b-c-op-3-1-d-major-allegro.mp3\">http:\/\/www.danyasegal.com\/myfiles\/2017\/05\/01-william-babell-cnocerto-for-recorder-2-violins-and-b-c-op-3-1-d-major-allegro.mp3<\/a><\/audio>\n<\/div>\n<div>\n<p>&nbsp;<\/p>\n<p>Georg Philipp Telemann, Concerto C-Dur, 4. Satz Tempo di Minuet<\/p>\n<audio class=\"wp-audio-shortcode\" id=\"audio-76-4\" preload=\"none\" style=\"width: 100%;\" controls=\"controls\"><source type=\"audio\/mpeg\" src=\"http:\/\/www.danyasegal.com\/myfiles\/2017\/05\/Telemann.mp3?_=4\" \/><a href=\"http:\/\/www.danyasegal.com\/myfiles\/2017\/05\/Telemann.mp3\">http:\/\/www.danyasegal.com\/myfiles\/2017\/05\/Telemann.mp3<\/a><\/audio>\n<\/div>\n","protected":false},"excerpt":{"rendered":"<p>\u00a0Danya Segal Recordings &nbsp; Robert Valentine Blockfl\u00f6tenkonzert B Dur 3. Satz Lago Jacques Christophe Naudot, Blockfl\u00f6tenkonzert G-Dur, 3. Satz Allegro William Babell, Blockfl\u00f6tenkonzert D-Dur, 1. Satz Allegro &nbsp; Georg Philipp<span class=\"more-button\"><a href=\"https:\/\/www.danyasegal.com\/en\/vita-2\/audio\/\" class=\"more-link\">Continue reading<span class=\"screen-reader-text\">Audio<\/span><\/a><\/span><\/p>\n","protected":false},"author":1,"featured_media":0,"parent":42,"menu_order":0,"comment_status":"closed","ping_status":"closed","template":"","meta":{"footnotes":""},"class_list":["post-76","page","type-page","status-publish","hentry"],"_links":{"self":[{"href":"https:\/\/www.danyasegal.com\/en\/wp-json\/wp\/v2\/pages\/76","targetHints":{"allow":["GET"]}}],"collection":[{"href":"https:\/\/www.danyasegal.com\/en\/wp-json\/wp\/v2\/pages"}],"about":[{"href":"https:\/\/www.danyasegal.com\/en\/wp-json\/wp\/v2\/types\/page"}],"author":[{"embeddable":true,"href":"https:\/\/www.danyasegal.com\/en\/wp-json\/wp\/v2\/users\/1"}],"replies":[{"embeddable":true,"href":"https:\/\/www.danyasegal.com\/en\/wp-json\/wp\/v2\/comments?post=76"}],"version-history":[{"count":8,"href":"https:\/\/www.danyasegal.com\/en\/wp-json\/wp\/v2\/pages\/76\/revisions"}],"predecessor-version":[{"id":687,"href":"https:\/\/www.danyasegal.com\/en\/wp-json\/wp\/v2\/pages\/76\/revisions\/687"}],"up":[{"embeddable":true,"href":"https:\/\/www.danyasegal.com\/en\/wp-json\/wp\/v2\/pages\/42"}],"wp:attachment":[{"href":"https:\/\/www.danyasegal.com\/en\/wp-json\/wp\/v2\/media?parent=76"}],"curies":[{"name":"wp","href":"https:\/\/api.w.org\/{rel}","templated":true}]}}