{"id":708,"date":"2018-02-05T08:46:53","date_gmt":"2018-02-05T07:46:53","guid":{"rendered":"http:\/\/www.danyasegal.com\/?page_id=708"},"modified":"2018-02-05T08:46:53","modified_gmt":"2018-02-05T07:46:53","slug":"bach-in-licht-2013","status":"publish","type":"page","link":"https:\/\/www.danyasegal.com\/en\/bach-in-licht-2013\/","title":{"rendered":"Bach in Licht (2013)"},"content":{"rendered":"<p>Die kreative und professionelle Umsetzung der bezaubernden Musik Johann Sebastian Bachs und die faszinierenden Effekte der Lichtkunst sind der Grundstein f\u00fcr <strong>\u201eBach in Licht<\/strong>\u201c. Auf neue Weise spielen hier die Interpretation von Bachs Werken durch das preisgekr\u00f6nte <strong>MUSICA ALTA RIPA<\/strong> und die kreativen Lichteffekte <strong>Yvonne Goulbier<\/strong> zusammen.<\/p>\n<p>Das Publikum kann sich auf eine spannende Reise freuen, die es entf\u00fchrt in das Miteinander von Barockmusik und Licht in sakralen R\u00e4umen. Yvonne Goulbier taucht das Geb\u00e4ude in Farbe, und Musica Alta Ripa spielt Bach \u2013 ein wunderbares Zusammentreffen von Musik und Lichtkunst.<\/p>\n<p>F\u00fcnf Kanons aus dem \u201eMusikalischen Opfer\u201c, als Zwischenspiele in mehrs\u00e4tzige Sonaten und eine Tanzsuite gestreut, formen einen wunderbar geschlossenen Bogen. Ein in sich stimmiges, perfekt gestaltetes und zugleich abwechslungsreiches Bach-Konzert von Musica Alta Ripa, das gemeinsam mit Yvonne Goulbiers Lichtkunst zum Gesamtkunstwerk wird.<\/p>\n","protected":false},"excerpt":{"rendered":"<p>Die kreative und professionelle Umsetzung der bezaubernden Musik Johann Sebastian Bachs und die faszinierenden Effekte der Lichtkunst sind der Grundstein f\u00fcr \u201eBach in Licht\u201c. Auf neue Weise spielen hier die<span class=\"more-button\"><a href=\"https:\/\/www.danyasegal.com\/en\/bach-in-licht-2013\/\" class=\"more-link\">Continue reading<span class=\"screen-reader-text\">Bach in Licht (2013)<\/span><\/a><\/span><\/p>\n","protected":false},"author":5,"featured_media":1081,"parent":0,"menu_order":0,"comment_status":"closed","ping_status":"closed","template":"","meta":{"footnotes":""},"class_list":["post-708","page","type-page","status-publish","has-post-thumbnail","hentry"],"_links":{"self":[{"href":"https:\/\/www.danyasegal.com\/en\/wp-json\/wp\/v2\/pages\/708","targetHints":{"allow":["GET"]}}],"collection":[{"href":"https:\/\/www.danyasegal.com\/en\/wp-json\/wp\/v2\/pages"}],"about":[{"href":"https:\/\/www.danyasegal.com\/en\/wp-json\/wp\/v2\/types\/page"}],"author":[{"embeddable":true,"href":"https:\/\/www.danyasegal.com\/en\/wp-json\/wp\/v2\/users\/5"}],"replies":[{"embeddable":true,"href":"https:\/\/www.danyasegal.com\/en\/wp-json\/wp\/v2\/comments?post=708"}],"version-history":[{"count":3,"href":"https:\/\/www.danyasegal.com\/en\/wp-json\/wp\/v2\/pages\/708\/revisions"}],"predecessor-version":[{"id":712,"href":"https:\/\/www.danyasegal.com\/en\/wp-json\/wp\/v2\/pages\/708\/revisions\/712"}],"wp:featuredmedia":[{"embeddable":true,"href":"https:\/\/www.danyasegal.com\/en\/wp-json\/wp\/v2\/media\/1081"}],"wp:attachment":[{"href":"https:\/\/www.danyasegal.com\/en\/wp-json\/wp\/v2\/media?parent=708"}],"curies":[{"name":"wp","href":"https:\/\/api.w.org\/{rel}","templated":true}]}}