{"id":703,"date":"2018-02-05T08:40:31","date_gmt":"2018-02-05T07:40:31","guid":{"rendered":"http:\/\/www.danyasegal.com\/?page_id=703"},"modified":"2018-02-05T08:43:03","modified_gmt":"2018-02-05T07:43:03","slug":"august-2015-hofnarr","status":"publish","type":"page","link":"https:\/\/www.danyasegal.com\/en\/august-2015-hofnarr\/","title":{"rendered":"August 2015 : The Jester"},"content":{"rendered":"<h2>The Jester &#8211; Music for Kings<\/h2>\n<p><img loading=\"lazy\" decoding=\"async\" class=\"size-medium wp-image-250 alignleft\" src=\"http:\/\/www.danyasegal.com\/myfiles\/2017\/05\/Hofnarr-300x200.jpg\" alt=\"\" width=\"300\" height=\"200\" \/><\/p>\n<p><img loading=\"lazy\" decoding=\"async\" class=\"size-medium wp-image-409 alignleft\" src=\"http:\/\/www.danyasegal.com\/myfiles\/2017\/05\/Hofnarr2-300x200.jpg\" alt=\"\" width=\"300\" height=\"200\" srcset=\"https:\/\/www.danyasegal.com\/wp-content\/uploads\/2017\/05\/Hofnarr2-300x200.jpg 300w, https:\/\/www.danyasegal.com\/wp-content\/uploads\/2017\/05\/Hofnarr2-768x512.jpg 768w, https:\/\/www.danyasegal.com\/wp-content\/uploads\/2017\/05\/Hofnarr2-1024x683.jpg 1024w\" sizes=\"auto, (max-width: 300px) 100vw, 300px\" \/><\/p>\n<p>&nbsp;<\/p>\n<div id=\"c1\">\n<p>Wer bisher nur die staatsm\u00e4nnisch getragen Seite bei Hofe vor Augen hatte, wird bei HOFNARR feststellen, dass das Zeitalter der Alten Musik durchaus seine witzige, fr\u00f6hliche Seite hatte. Lachen erw\u00fcnscht! Ausgew\u00e4hlte kleine Tanzs\u00e4tze aus der bekannten Wassermusik und Feuerwerksmusik von Georg Friedrich H\u00e4ndel und Musik aus den Opern von Henry Purcell \u201eThe Fairy Queen\u201c und \u201eKing Arthur\u201c \u2013 gespielt vom preisgekr\u00f6nten Barockensemble MUSICA ALTA RIPA (u.a. drei ECHO Klassik) auf historischen Instrumenten \u2013 sorgen f\u00fcr royale Farbigkeit. Der zeitgen\u00f6ssische Hofnarr \u2013 Clown Bulipp \u2013 sorgt mit seiner Interaktion daf\u00fcr, dass kein Auge trocken bleibt. Bulipp zeigt seine melancholische Seite genauso wie seinen Witz. Die besonderen Auff\u00fchrungsorte werden das Erz\u00e4hlte weiter verdichten, das Publikum ist Teil der Inszenierung.<\/p>\n<p>&nbsp;<\/p>\n<div id=\"c1\"><\/div>\n<\/div>\n","protected":false},"excerpt":{"rendered":"<p>The Jester &#8211; Music for Kings &nbsp; Wer bisher nur die staatsm\u00e4nnisch getragen Seite bei Hofe vor Augen hatte, wird bei HOFNARR feststellen, dass das Zeitalter der Alten Musik durchaus<span class=\"more-button\"><a href=\"https:\/\/www.danyasegal.com\/en\/august-2015-hofnarr\/\" class=\"more-link\">Continue reading<span class=\"screen-reader-text\">August 2015 : The Jester<\/span><\/a><\/span><\/p>\n","protected":false},"author":5,"featured_media":0,"parent":0,"menu_order":0,"comment_status":"closed","ping_status":"closed","template":"","meta":{"footnotes":""},"class_list":["post-703","page","type-page","status-publish","hentry"],"_links":{"self":[{"href":"https:\/\/www.danyasegal.com\/en\/wp-json\/wp\/v2\/pages\/703","targetHints":{"allow":["GET"]}}],"collection":[{"href":"https:\/\/www.danyasegal.com\/en\/wp-json\/wp\/v2\/pages"}],"about":[{"href":"https:\/\/www.danyasegal.com\/en\/wp-json\/wp\/v2\/types\/page"}],"author":[{"embeddable":true,"href":"https:\/\/www.danyasegal.com\/en\/wp-json\/wp\/v2\/users\/5"}],"replies":[{"embeddable":true,"href":"https:\/\/www.danyasegal.com\/en\/wp-json\/wp\/v2\/comments?post=703"}],"version-history":[{"count":2,"href":"https:\/\/www.danyasegal.com\/en\/wp-json\/wp\/v2\/pages\/703\/revisions"}],"predecessor-version":[{"id":706,"href":"https:\/\/www.danyasegal.com\/en\/wp-json\/wp\/v2\/pages\/703\/revisions\/706"}],"wp:attachment":[{"href":"https:\/\/www.danyasegal.com\/en\/wp-json\/wp\/v2\/media?parent=703"}],"curies":[{"name":"wp","href":"https:\/\/api.w.org\/{rel}","templated":true}]}}