{"id":641,"date":"2017-05-29T13:40:31","date_gmt":"2017-05-29T11:40:31","guid":{"rendered":"http:\/\/www.danyasegal.com\/okt-2015-ino-telemann\/"},"modified":"2018-01-31T17:16:27","modified_gmt":"2018-01-31T16:16:27","slug":"okt-2015-ino-telemann","status":"publish","type":"page","link":"https:\/\/www.danyasegal.com\/en\/okt-2015-ino-telemann\/","title":{"rendered":"Okt 2015: Ino Telemann"},"content":{"rendered":"<p><img loading=\"lazy\" decoding=\"async\" class=\"size-medium wp-image-413\" src=\"http:\/\/www.danyasegal.com\/myfiles\/2017\/05\/DSC_2105-300x200.jpg\" alt=\"\" width=\"300\" height=\"200\" srcset=\"https:\/\/www.danyasegal.com\/wp-content\/uploads\/2017\/05\/DSC_2105-300x200.jpg 300w, https:\/\/www.danyasegal.com\/wp-content\/uploads\/2017\/05\/DSC_2105-768x513.jpg 768w, https:\/\/www.danyasegal.com\/wp-content\/uploads\/2017\/05\/DSC_2105-1024x683.jpg 1024w\" sizes=\"auto, (max-width: 300px) 100vw, 300px\" \/><\/p>\n<p>&nbsp;<\/p>\n<h2>INO &#8211; Telemann in neuem Licht<\/h2>\n<div id=\"c1\">Johanna Winkel &#8211; Sopran<br \/>\nMUSICA ALTA RIPA<br \/>\nYvonne Goulbier \u2013 Lichtkunst<br \/>\nProduktion: Danya SegalMit der Inszenierung \u201eINO\u201c wird das Werk Georg Philipp Telemanns (1681-1767) f\u00fcr das heutige Publikum wieder intensiv erlebbar. Das mit drei ECHO Klassik ausgezeichnete Barockensemble MUSICA ALTA RIPA wird Konzerte und die Kantate INO des innovativen Barockkomponisten spielen, der mit neuen Impulsen sowohl in der Komposition als auch in der Musikanschauung ma\u00dfgeblich die Musikwelt der ersten H\u00e4lfte des 18. Jahrhunderts mitgepr\u00e4gt hat.Die international renommierte Lichtk\u00fcnstlerin Yvonne Goulbier taucht die Musik in der Inszenierung erg\u00e4nzend in ihre beeindruckende \u201eLichtwelt\u201c, so dass neben das H\u00f6rerlebnis mit ihren Projektionen ein intensives Seherlebnis tritt und die Inszenierung so zu einem intensiven sinnlichen Gesamterlebnis wird. F\u00fcr weiteren hochkar\u00e4tigen H\u00f6rgenuss sorgt Sopranistin Johanna Winkel. Die im Konzert-, Opern- und Oratorienfach international gefragte Solistin konnte f\u00fcr die Kantate gewonnen werden.<\/div>\n","protected":false},"excerpt":{"rendered":"<p>&nbsp; INO &#8211; Telemann in neuem Licht Johanna Winkel &#8211; Sopran MUSICA ALTA RIPA Yvonne Goulbier \u2013 Lichtkunst Produktion: Danya SegalMit der Inszenierung \u201eINO\u201c wird das Werk Georg Philipp Telemanns<span class=\"more-button\"><a href=\"https:\/\/www.danyasegal.com\/en\/okt-2015-ino-telemann\/\" class=\"more-link\">Continue reading<span class=\"screen-reader-text\">Okt 2015: Ino Telemann<\/span><\/a><\/span><\/p>\n","protected":false},"author":1,"featured_media":0,"parent":0,"menu_order":0,"comment_status":"closed","ping_status":"closed","template":"","meta":{"footnotes":""},"class_list":["post-641","page","type-page","status-publish","hentry"],"_links":{"self":[{"href":"https:\/\/www.danyasegal.com\/en\/wp-json\/wp\/v2\/pages\/641","targetHints":{"allow":["GET"]}}],"collection":[{"href":"https:\/\/www.danyasegal.com\/en\/wp-json\/wp\/v2\/pages"}],"about":[{"href":"https:\/\/www.danyasegal.com\/en\/wp-json\/wp\/v2\/types\/page"}],"author":[{"embeddable":true,"href":"https:\/\/www.danyasegal.com\/en\/wp-json\/wp\/v2\/users\/1"}],"replies":[{"embeddable":true,"href":"https:\/\/www.danyasegal.com\/en\/wp-json\/wp\/v2\/comments?post=641"}],"version-history":[{"count":1,"href":"https:\/\/www.danyasegal.com\/en\/wp-json\/wp\/v2\/pages\/641\/revisions"}],"predecessor-version":[{"id":643,"href":"https:\/\/www.danyasegal.com\/en\/wp-json\/wp\/v2\/pages\/641\/revisions\/643"}],"wp:attachment":[{"href":"https:\/\/www.danyasegal.com\/en\/wp-json\/wp\/v2\/media?parent=641"}],"curies":[{"name":"wp","href":"https:\/\/api.w.org\/{rel}","templated":true}]}}