{"id":395,"date":"2017-06-07T14:35:05","date_gmt":"2017-06-07T12:35:05","guid":{"rendered":"http:\/\/www.danyasegal.com\/?page_id=395\/"},"modified":"2017-06-07T14:36:39","modified_gmt":"2017-06-07T12:36:39","slug":"haendel-triologie-2011-2013-2","status":"publish","type":"page","link":"https:\/\/www.danyasegal.com\/en\/productions\/haendel-triologie-2011-2013-2\/","title":{"rendered":"H\u00e4ndel Triologie (2011-2013)"},"content":{"rendered":"<h2>Teil I: Eifersucht (2011)<\/h2>\n<p>Das SchlossAkkord Musikfestival inszeniert mit &#8220;Eifersucht&#8221; Arien u. a. von Georg Friedrich H\u00e4ndel an Orten, die auch im wahren Leben immer wieder Spielort gro\u00dfer Emotionen sind:<br \/>\nGerichtsgeb\u00e4ude, das Frauengef\u00e4ngnis in Vechta und Schloss Oelber.<br \/>\nAna Durlovski (Sopran), Kai Wessel (Countertenor), Musica Alta Ripa, Regie und<br \/>\nB\u00fchnenbild: Olga Motta, Produktion: Danya Segal.zum Film<\/p>\n<h2>Teil II: Liebe &amp; Krieg (2012)<\/h2>\n<p>Beim SchlossAkkord Musikfestival inszenierte Produzentin Danya Segal mit Liebe und Krieg zwei Pole, die kaum weniger Reibung erzeugen k\u00f6nnten. Die Dramaturgie der besonderen Spielorte war dabei wesentlicher Teil der visuellen Realisierung: Die Berliner Ged\u00e4chtniskirche, Schloss Oelber und die denkmalgesch\u00fctzte Halle 1 der Hanomag (U-Boot-Halle). &#8220;Musik, zum Sterben sch\u00f6n &#8230;&#8221; schrieb u. a. Kulturkritiker Rainer Wagner in der HAZ vom 31.08.2012.zum Film<\/p>\n<h2>Teil III: Ewigkeit (2013)<\/h2>\n<p>Das SchlossAkkord Musikfestival inszeniert mit &#8220;Ewigkeit&#8221;, dem Finale der Trilogie, Arien, Lamenti und Ch\u00f6re von Georg Friedrich H\u00e4ndel. Die deutsch-t\u00fcrkische Inszenierung fokussiert die Familie als Keimzelle des Bewahrens.<br \/>\nJohanna Winkel (Sopran), Veronika Winter (Sopran), Kai Wessel (Countertenor), Faysal Ilhan (Schauspiel\/Saz), MUSICA ALTA RIPA, Regie: Lars Franke, Kost\u00fcme\/B\u00fchnenbild: Philippe Miesch, Produktion\/Musikal. Leitung: Danya Segal.zum Film<\/p>\n","protected":false},"excerpt":{"rendered":"<p>Teil I: Eifersucht (2011) Das SchlossAkkord Musikfestival inszeniert mit &#8220;Eifersucht&#8221; Arien u. a. von Georg Friedrich H\u00e4ndel an Orten, die auch im wahren Leben immer wieder Spielort gro\u00dfer Emotionen sind:<span class=\"more-button\"><a href=\"https:\/\/www.danyasegal.com\/en\/productions\/haendel-triologie-2011-2013-2\/\" class=\"more-link\">Continue reading<span class=\"screen-reader-text\">H\u00e4ndel Triologie (2011-2013)<\/span><\/a><\/span><\/p>\n","protected":false},"author":1,"featured_media":0,"parent":109,"menu_order":0,"comment_status":"closed","ping_status":"closed","template":"","meta":{"footnotes":""},"class_list":["post-395","page","type-page","status-publish","hentry"],"_links":{"self":[{"href":"https:\/\/www.danyasegal.com\/en\/wp-json\/wp\/v2\/pages\/395","targetHints":{"allow":["GET"]}}],"collection":[{"href":"https:\/\/www.danyasegal.com\/en\/wp-json\/wp\/v2\/pages"}],"about":[{"href":"https:\/\/www.danyasegal.com\/en\/wp-json\/wp\/v2\/types\/page"}],"author":[{"embeddable":true,"href":"https:\/\/www.danyasegal.com\/en\/wp-json\/wp\/v2\/users\/1"}],"replies":[{"embeddable":true,"href":"https:\/\/www.danyasegal.com\/en\/wp-json\/wp\/v2\/comments?post=395"}],"version-history":[{"count":3,"href":"https:\/\/www.danyasegal.com\/en\/wp-json\/wp\/v2\/pages\/395\/revisions"}],"predecessor-version":[{"id":398,"href":"https:\/\/www.danyasegal.com\/en\/wp-json\/wp\/v2\/pages\/395\/revisions\/398"}],"up":[{"embeddable":true,"href":"https:\/\/www.danyasegal.com\/en\/wp-json\/wp\/v2\/pages\/109"}],"wp:attachment":[{"href":"https:\/\/www.danyasegal.com\/en\/wp-json\/wp\/v2\/media?parent=395"}],"curies":[{"name":"wp","href":"https:\/\/api.w.org\/{rel}","templated":true}]}}