{"id":203,"date":"2017-05-29T13:47:06","date_gmt":"2017-05-29T11:47:06","guid":{"rendered":"http:\/\/neu.danyasegal.com\/?page_id=203\/"},"modified":"2017-05-29T13:47:06","modified_gmt":"2017-05-29T11:47:06","slug":"2008-2","status":"publish","type":"page","link":"https:\/\/www.danyasegal.com\/en\/press\/2008-2\/","title":{"rendered":"2008"},"content":{"rendered":"<h2>Pressestimmen 2008<\/h2>\n<p><strong>Hildesheimer Zeitung, September 2008<\/strong><br \/>\n\u201eSegals Botschaft ist eine Liebeserkl\u00e4rung an zwei gegens\u00e4tzliche Kulturen, eine leidenschaftliche Werbung um Offenheit und Verst\u00e4ndnis (\u2026) Was das hannoversche Barock-Ensemble Musica Alta Ripa allein auf historischen Instrumenten liefert, mag dem Bach-Liebhaber bereits zur Verz\u00fcckung reichen. Den Musikern gelingt es m\u00fchelos, die Seele der Kompositionen geradezu urt\u00fcmlich zu ergr\u00fcnden und in das Bewusstsein der T\u00e4nzerinnen zu transportieren. Kongenial binden diese jene musikalische Beseeltheit in ihre k\u00f6rperliche Anmut ein. (\u2026)<\/p>\n<p><strong>NWZ, September 2008<\/strong><br \/>\n\u201eBach und der chinesische Drachen verz\u00fccken ein gro\u00dfes Publikum (\u2026) mit federnder Leichtigkeit, schwungvoller Vitalit\u00e4t und trotzdem einem einnehmenden warmen Klang.\u201c<\/p>\n<p><strong>Braunschweiger Zeitung, August 2008<\/strong><br \/>\n\u201eDanya Segal hat da ein spannendes Kapitel deutsch-chinesischer Beziehungen wiederentdeckt. Und Kornelia Kersting-Then-Berg hat es so dezent, wie es sich f\u00fcr Bach und den Kaiser geh\u00f6rt, in Szene gesetzt.\u201c<\/p>\n","protected":false},"excerpt":{"rendered":"<p>Pressestimmen 2008 Hildesheimer Zeitung, September 2008 \u201eSegals Botschaft ist eine Liebeserkl\u00e4rung an zwei gegens\u00e4tzliche Kulturen, eine leidenschaftliche Werbung um Offenheit und Verst\u00e4ndnis (\u2026) Was das hannoversche Barock-Ensemble Musica Alta Ripa<span class=\"more-button\"><a href=\"https:\/\/www.danyasegal.com\/en\/press\/2008-2\/\" class=\"more-link\">Continue reading<span class=\"screen-reader-text\">2008<\/span><\/a><\/span><\/p>\n","protected":false},"author":1,"featured_media":0,"parent":115,"menu_order":0,"comment_status":"closed","ping_status":"closed","template":"","meta":{"footnotes":""},"class_list":["post-203","page","type-page","status-publish","hentry"],"_links":{"self":[{"href":"https:\/\/www.danyasegal.com\/en\/wp-json\/wp\/v2\/pages\/203","targetHints":{"allow":["GET"]}}],"collection":[{"href":"https:\/\/www.danyasegal.com\/en\/wp-json\/wp\/v2\/pages"}],"about":[{"href":"https:\/\/www.danyasegal.com\/en\/wp-json\/wp\/v2\/types\/page"}],"author":[{"embeddable":true,"href":"https:\/\/www.danyasegal.com\/en\/wp-json\/wp\/v2\/users\/1"}],"replies":[{"embeddable":true,"href":"https:\/\/www.danyasegal.com\/en\/wp-json\/wp\/v2\/comments?post=203"}],"version-history":[{"count":1,"href":"https:\/\/www.danyasegal.com\/en\/wp-json\/wp\/v2\/pages\/203\/revisions"}],"predecessor-version":[{"id":204,"href":"https:\/\/www.danyasegal.com\/en\/wp-json\/wp\/v2\/pages\/203\/revisions\/204"}],"up":[{"embeddable":true,"href":"https:\/\/www.danyasegal.com\/en\/wp-json\/wp\/v2\/pages\/115"}],"wp:attachment":[{"href":"https:\/\/www.danyasegal.com\/en\/wp-json\/wp\/v2\/media?parent=203"}],"curies":[{"name":"wp","href":"https:\/\/api.w.org\/{rel}","templated":true}]}}